{"id":192,"date":"2020-09-13T15:26:21","date_gmt":"2020-09-13T13:26:21","guid":{"rendered":"https:\/\/avocatcolmant.be\/?page_id=192"},"modified":"2024-08-05T17:37:18","modified_gmt":"2024-08-05T15:37:18","slug":"regles-deontologiques","status":"publish","type":"page","link":"https:\/\/avocatcolmant.be\/?page_id=192","title":{"rendered":"R\u00e8gles d\u00e9ontologiques"},"content":{"rendered":"\t\t<div data-elementor-type=\"wp-page\" data-elementor-id=\"192\" class=\"elementor elementor-192\">\n\t\t\t\t\t\t<section class=\"elementor-section elementor-top-section elementor-element elementor-element-e1b2cac elementor-section-boxed elementor-section-height-default elementor-section-height-default\" data-id=\"e1b2cac\" data-element_type=\"section\">\n\t\t\t\t\t\t<div class=\"elementor-container elementor-column-gap-default\">\n\t\t\t\t\t<div class=\"elementor-column elementor-col-100 elementor-top-column elementor-element elementor-element-f3b60b0\" data-id=\"f3b60b0\" data-element_type=\"column\">\n\t\t\t<div class=\"elementor-widget-wrap elementor-element-populated\">\n\t\t\t\t\t\t<div class=\"elementor-element elementor-element-6b2aaa7 elementor-widget elementor-widget-heading\" data-id=\"6b2aaa7\" data-element_type=\"widget\" data-widget_type=\"heading.default\">\n\t\t\t\t<div class=\"elementor-widget-container\">\n\t\t\t<h1 class=\"elementor-heading-title elementor-size-default\">A l\u2019inverse de simples \u201cmarchands de droit\u201d, les avocats sont tenus au strict respect d\u2019une d\u00e9ontologie exigeante. Les principes fondamentaux qui r\u00e9gissent la profession sont l\u2019ind\u00e9pendance, la probit\u00e9, la dignit\u00e9 et le secret professionnel.\n\nCes r\u00e8gles, vot\u00e9es par l'assembl\u00e9e g\u00e9n\u00e9rale des b\u00e2tonniers, sont consign\u00e9es dans le code de d\u00e9ontologie que vous trouverez ci-dessous.\n\n\n\n<\/h1>\t\t<\/div>\n\t\t\t\t<\/div>\n\t\t\t\t<div class=\"elementor-element elementor-element-2644bb6 elementor-widget elementor-widget-button\" data-id=\"2644bb6\" data-element_type=\"widget\" data-widget_type=\"button.default\">\n\t\t\t\t<div class=\"elementor-widget-container\">\n\t\t\t\t\t\t\t<div class=\"elementor-button-wrapper\">\n\t\t\t\t\t<a class=\"elementor-button elementor-button-link elementor-size-sm\" href=\"https:\/\/avocats.be\/sites\/avocatsbe\/files\/2024-06\/24.05.2024-code-deontologie-version-francaise-en-vigueur-au-24.05.2024.pdf\">\n\t\t\t\t\t\t<span class=\"elementor-button-content-wrapper\">\n\t\t\t\t\t\t\t\t\t<span class=\"elementor-button-text\">Cliquez ici<\/span>\n\t\t\t\t\t<\/span>\n\t\t\t\t\t<\/a>\n\t\t\t\t<\/div>\n\t\t\t\t\t\t<\/div>\n\t\t\t\t<\/div>\n\t\t\t\t\t<\/div>\n\t\t<\/div>\n\t\t\t\t\t<\/div>\n\t\t<\/section>\n\t\t\t\t<\/div>\n\t\t","protected":false},"excerpt":{"rendered":"<p>A l\u2019inverse de simples \u201cmarchands de droit\u201d, les avocats sont tenus au strict respect d\u2019une d\u00e9ontologie exigeante. Les principes fondamentaux [&hellip;]<\/p>\n","protected":false},"author":1,"featured_media":0,"parent":0,"menu_order":0,"comment_status":"closed","ping_status":"closed","template":"","meta":{"footnotes":""},"class_list":["post-192","page","type-page","status-publish","hentry"],"_links":{"self":[{"href":"https:\/\/avocatcolmant.be\/index.php?rest_route=\/wp\/v2\/pages\/192"}],"collection":[{"href":"https:\/\/avocatcolmant.be\/index.php?rest_route=\/wp\/v2\/pages"}],"about":[{"href":"https:\/\/avocatcolmant.be\/index.php?rest_route=\/wp\/v2\/types\/page"}],"author":[{"embeddable":true,"href":"https:\/\/avocatcolmant.be\/index.php?rest_route=\/wp\/v2\/users\/1"}],"replies":[{"embeddable":true,"href":"https:\/\/avocatcolmant.be\/index.php?rest_route=%2Fwp%2Fv2%2Fcomments&post=192"}],"version-history":[{"count":17,"href":"https:\/\/avocatcolmant.be\/index.php?rest_route=\/wp\/v2\/pages\/192\/revisions"}],"predecessor-version":[{"id":401,"href":"https:\/\/avocatcolmant.be\/index.php?rest_route=\/wp\/v2\/pages\/192\/revisions\/401"}],"wp:attachment":[{"href":"https:\/\/avocatcolmant.be\/index.php?rest_route=%2Fwp%2Fv2%2Fmedia&parent=192"}],"curies":[{"name":"wp","href":"https:\/\/api.w.org\/{rel}","templated":true}]}}